{"id":1773,"date":"2025-07-26T16:10:30","date_gmt":"2025-07-26T16:10:30","guid":{"rendered":"http:\/\/roberthoppe.co\/?page_id=1773"},"modified":"2025-08-02T17:29:39","modified_gmt":"2025-08-02T17:29:39","slug":"imprint","status":"publish","type":"page","link":"https:\/\/roberthoppe.co\/de\/imprint\/","title":{"rendered":"Impressum"},"content":{"rendered":"<div data-elementor-type=\"wp-page\" data-elementor-id=\"1773\" class=\"elementor elementor-1773\" data-elementor-post-type=\"page\">\n\t\t\t\t<div class=\"elementor-element elementor-element-4880ee0 e-flex e-con-boxed e-con e-parent\" data-id=\"4880ee0\" data-element_type=\"container\" data-e-type=\"container\" data-settings=\"{&quot;background_background&quot;:&quot;gradient&quot;}\">\n\t\t\t\t\t<div class=\"e-con-inner\">\n\t\t\t\t<div class=\"elementor-element elementor-element-c3739b4 elementor-widget elementor-widget-text-editor\" data-id=\"c3739b4\" data-element_type=\"widget\" data-e-type=\"widget\" data-widget_type=\"text-editor.default\">\n\t\t\t\t<div class=\"elementor-widget-container\">\n\t\t\t\t\t\t\t\t\t<p><span style=\"color: #000000;\"><\/span><\/p>\n<h2 class=\"wp-block-heading\"><span style=\"color: #000000;\">Impressum<\/span><\/h2>\n<p>\u00a0<\/p>\n<p><span style=\"color: #000000;\"><\/span><\/p>\n<p><span style=\"color: #000000;\">Robert Hoppe<\/span><\/p>\n<p><span style=\"color: #000000;\">Coaching, Beratung, Training<\/span><\/p>\n<p><span style=\"color: #000000;\">Hermann-Stockmann-Stra\u00dfe 55a<\/span><\/p>\n<p><span style=\"color: #000000;\">85221 Dachau<\/span><\/p>\n<p><span style=\"color: #000000;\">Deutschland<\/span><\/p>\n<p>\u00a0<\/p>\n<p><span style=\"color: #000000;\">Branding, Webdesign &amp; Umsetzung: <span style=\"color: #008080;\"><a style=\"color: #008080; text-decoration: underline;\" href=\"https:\/\/cenk.it\/\">Cenk Basbolat<\/a><\/span><\/span><\/p>\n<p><span style=\"color: #000000;\">Fotos: <span style=\"color: #008080;\"><a style=\"color: #008080; text-decoration: underline;\" href=\"https:\/\/innazaytseva.com\/\">Inna Zaytseva<\/a><\/span><\/span><\/p>\n<p><span style=\"color: #000000;\">Videos: <span style=\"text-decoration: underline;\"><span style=\"color: #008080;\"><a style=\"color: #008080; text-decoration: underline;\" href=\"https:\/\/www.pexels.com\/@yaroslav-shuraev\/\">Yaroslav Shuraev<\/a><\/span><\/span>, <span style=\"text-decoration: underline;\"><span style=\"color: #008080;\"><a style=\"color: #008080; text-decoration: underline;\" href=\"https:\/\/www.pexels.com\/@cottonbro\/\">cottonbro studio<\/a><\/span><\/span><\/span><\/p>\n<p>\u00a0<\/p>\n<p><span style=\"color: #000000;\"><\/span><\/p>\n<h2 class=\"wp-block-heading\"><span style=\"color: #000000;\">Kontakt<\/span><\/h2>\n<p><span style=\"color: #000000;\"><\/span><\/p>\n<p><span style=\"color: #000000;\">Telefon: 015758083113<\/span><\/p>\n<p><span style=\"color: #000000;\">E-Mail: hello@roberthoppe.co<\/span><\/p>\n<p>\u00a0<\/p>\n<p><span style=\"color: #000000;\"><\/span><\/p>\n<p><span style=\"color: #000000;\"><\/span><\/p>\n<h2 class=\"wp-block-heading\"><span style=\"color: #000000;\">Wirtschaftsidentifikationsnummer<\/span><\/h2>\n<p><span style=\"color: #000000;\"><\/span><\/p>\n<p><span style=\"color: #000000;\">DE427405315<\/span><\/p>\n<p>\u00a0<\/p>\n<p><span style=\"color: #000000;\"><\/span><\/p>\n<h2 class=\"wp-block-heading\"><span style=\"color: #000000;\">Haftung f\u00fcr Inhalte dieser Webseite<\/span><\/h2>\n<p><span style=\"color: #000000;\"><\/span><\/p>\n<p><span style=\"color: #000000;\">Wir entwickeln die Inhalte dieser Webseite st\u00e4ndig weiter und bem\u00fchen uns korrekte und aktuelle Informationen bereitzustellen. Leider k\u00f6nnen wir keine Haftung f\u00fcr die Korrektheit aller Inhalte auf dieser Webseite \u00fcbernehmen, speziell f\u00fcr jene die seitens Dritter bereitgestellt wurden.<\/span><\/p>\n<p><span style=\"color: #000000;\">Sollten Ihnen problematische oder rechtswidrige Inhalte auffallen, bitte wir Sie uns umgehend zu kontaktieren, Sie finden die Kontaktdaten im Impressum.<\/span><\/p>\n<p>\u00a0<\/p>\n<p><span style=\"color: #000000;\"><\/span><\/p>\n<p><span style=\"color: #000000;\"><\/span><\/p>\n<p><span style=\"color: #000000;\"><\/span><\/p>\n<p><span style=\"color: #000000;\"><\/span><\/p>\n<h2 class=\"wp-block-heading\"><span style=\"color: #000000;\">Haftung f\u00fcr Links auf dieser Webseite<\/span><\/h2>\n<p><span style=\"color: #000000;\"><\/span><\/p>\n<p><span style=\"color: #000000;\">Unsere Webseite enth\u00e4lt Links zu anderen Webseiten f\u00fcr deren Inhalt wir nicht verantwortlich sind. Haftung f\u00fcr verlinkte Websites besteht laut \u00a7 17 ECG f\u00fcr uns nicht, da wir keine Kenntnis rechtswidriger T\u00e4tigkeiten hatten und haben, uns solche Rechtswidrigkeiten auch bisher nicht aufgefallen sind und wir Links sofort entfernen w\u00fcrden, wenn uns Rechtswidrigkeiten bekannt werden.<\/span><\/p>\n<p><span style=\"color: #000000;\">Wenn Ihnen rechtswidrige Links auf unserer Website auffallen, bitte wir Sie uns zu kontaktieren, Sie finden die Kontaktdaten im Impressum.<\/span><\/p>\n<p>\u00a0<\/p>\n<h2><span style=\"color: #000000;\">Urheberrechtshinweis<\/span><\/h2>\n<p><span style=\"color: #000000;\">Alle Inhalte dieser Webseite (Bilder, Fotos, Texte, Videos) unterliegen dem Urheberrecht. Falls notwendig, werden wir die unerlaubte Nutzung von Teilen der Inhalte unserer Seite rechtlich verfolgen.<\/span><\/p>\n<p><span style=\"color: #000000;\">Sollten Sie auf dieser Webseite Inhalte finden, die das Urheberrecht verletzen, bitten wir Sie uns zu kontaktieren.<\/span><\/p>\n<p>\u00a0<\/p>\n<h2 class=\"wp-block-heading\"><span style=\"color: #000000;\">Verbraucherstreitbeilegung\/Universalschlichtungsstelle<\/span><\/h2>\n<p><span style=\"color: #000000;\"><\/span><\/p>\n<p><span style=\"color: #000000;\">Wir sind nicht bereit oder verpflichtet, an Streitbeilegungsverfahren vor einer Verbraucherschlichtungsstelle teilzunehmen.<\/span><\/p>\n<p>\u00a0<\/p>\n<p>\u00a0<\/p>\n<p>\u00a0<\/p>\n<p>\u00a0<\/p>\n<p><span style=\"color: #000000;\"><\/span><\/p>\n<p><span style=\"color: #000000;\"><\/span><\/p>\t\t\t\t\t\t\t\t<\/div>\n\t\t\t\t<\/div>\n\t\t\t\t\t<\/div>\n\t\t\t\t<\/div>\n\t\t\t\t<\/div>","protected":false},"excerpt":{"rendered":"<p>Impressum \u00a0 Robert Hoppe Coaching, Beratung, Training Hermann-Stockmann-Stra\u00dfe 55a 85221 Dachau Deutschland \u00a0 Branding, Webdesign &amp; Umsetzung: Cenk Basbolat Fotos: Inna Zaytseva Videos: Yaroslav Shuraev, cottonbro studio \u00a0 Kontakt Telefon: 015758083113 E-Mail: hello@roberthoppe.co \u00a0 Wirtschaftsidentifikationsnummer DE427405315 \u00a0 Haftung f\u00fcr Inhalte dieser Webseite Wir entwickeln die Inhalte dieser Webseite st\u00e4ndig weiter und bem\u00fchen uns korrekte und [&hellip;]<\/p>\n","protected":false},"author":1,"featured_media":0,"parent":0,"menu_order":0,"comment_status":"closed","ping_status":"closed","template":"","meta":{"footnotes":""},"class_list":["post-1773","page","type-page","status-publish","hentry"],"_links":{"self":[{"href":"https:\/\/roberthoppe.co\/de\/wp-json\/wp\/v2\/pages\/1773","targetHints":{"allow":["GET"]}}],"collection":[{"href":"https:\/\/roberthoppe.co\/de\/wp-json\/wp\/v2\/pages"}],"about":[{"href":"https:\/\/roberthoppe.co\/de\/wp-json\/wp\/v2\/types\/page"}],"author":[{"embeddable":true,"href":"https:\/\/roberthoppe.co\/de\/wp-json\/wp\/v2\/users\/1"}],"replies":[{"embeddable":true,"href":"https:\/\/roberthoppe.co\/de\/wp-json\/wp\/v2\/comments?post=1773"}],"version-history":[{"count":0,"href":"https:\/\/roberthoppe.co\/de\/wp-json\/wp\/v2\/pages\/1773\/revisions"}],"wp:attachment":[{"href":"https:\/\/roberthoppe.co\/de\/wp-json\/wp\/v2\/media?parent=1773"}],"curies":[{"name":"wp","href":"https:\/\/api.w.org\/{rel}","templated":true}]}}