{"id":3,"date":"2025-05-27T05:45:31","date_gmt":"2025-05-27T05:45:31","guid":{"rendered":"http:\/\/roberthoppe.co\/?page_id=3"},"modified":"2025-08-02T17:22:57","modified_gmt":"2025-08-02T17:22:57","slug":"privacy-policy","status":"publish","type":"page","link":"https:\/\/roberthoppe.co\/de\/privacy-policy\/","title":{"rendered":"Datenschutz"},"content":{"rendered":"<div data-elementor-type=\"wp-page\" data-elementor-id=\"3\" class=\"elementor elementor-3\" data-elementor-post-type=\"page\">\n\t\t\t\t<div class=\"elementor-element elementor-element-3aeedb17 e-flex e-con-boxed e-con e-parent\" data-id=\"3aeedb17\" data-element_type=\"container\" data-e-type=\"container\">\n\t\t\t\t\t<div class=\"e-con-inner\">\n\t\t\t\t<div class=\"elementor-element elementor-element-6bb976a7 elementor-widget elementor-widget-text-editor\" data-id=\"6bb976a7\" data-element_type=\"widget\" data-e-type=\"widget\" data-widget_type=\"text-editor.default\">\n\t\t\t\t<div class=\"elementor-widget-container\">\n\t\t\t\t\t\t\t\t\t<p><span style=\"color: #000000;\"><\/span><\/p>\n<h2 class=\"wp-block-heading\"><span style=\"color: #000000;\">Erkl\u00e4rung zur Informationspflicht<\/span><\/h2>\n<p class=\"wp-block-heading\"><span style=\"color: #000000;\">Der Schutz Ihrer pers\u00f6nlichen Daten ist mir ein besonderes Anliegen. Ich verarbeite Ihre Daten daher ausschlie\u00dflich auf Grundlage der gesetzlichen Bestimmungen (DSGVO, TMG, TKG). In dieser Datenschutzerkl\u00e4rung informiere ich Sie \u00fcber die wichtigsten Aspekte der Datenverarbeitung im Rahmen meiner Website.<\/span><\/p>\n<p>\u00a0<\/p>\n<p><span style=\"color: #000000;\"><\/span><\/p>\n<h2 class=\"wp-block-heading\"><span style=\"color: #000000;\">Verantwortlicher<\/span><\/h2>\n<p class=\"p3\"><span style=\"color: #000000;\">Robert Hoppe<\/span><\/p>\n<p class=\"p4\"><span style=\"color: #000000;\">Hermann-Stockmann-Stra\u00dfe 55A, <\/span><span style=\"color: #000000;\">85221 Dachau, Deutschland<\/span><\/p>\n<p class=\"p4\"><span style=\"color: #000000;\">E-Mail: hello@roberthoppe.co<\/span><\/p>\n<p class=\"p4\"><span style=\"color: #000000;\">Website: <a style=\"color: #000000;\" href=\"https:\/\/roberthoppe.co\/de\/\">www.roberthoppe.co<\/a><\/span><\/p>\n<p>\u00a0<\/p>\n<h2><span style=\"color: #000000;\">Zugriffsdaten &amp; Hosting<\/span><\/h2>\n<p class=\"p4\"><span style=\"color: #000000;\">Der Hosting-Anbieter <span class=\"s2\">IONOS<\/span> erhebt in meinem Auftrag Daten \u00fcber Zugriffe auf die Website (sogenannte Server-Logfiles). Zu den Zugriffsdaten geh\u00f6ren:<\/span><\/p>\n<ul>\n<li>\n<p class=\"p1\"><span style=\"color: #000000;\">Besuchte Seiten<\/span><\/p>\n<\/li>\n<li>\n<p class=\"p1\"><span style=\"color: #000000;\">Datum und Uhrzeit des Abrufs<\/span><\/p>\n<\/li>\n<li>\n<p class=\"p1\"><span style=\"color: #000000;\">Menge der \u00fcbertragenen Daten<\/span><\/p>\n<\/li>\n<li>\n<p class=\"p1\"><span style=\"color: #000000;\">Quelle\/Verweis, von welchem Sie auf die Seite gelangten<\/span><\/p>\n<\/li>\n<li>\n<p class=\"p1\"><span style=\"color: #000000;\">Verwendeter Browser<\/span><\/p>\n<\/li>\n<li>\n<p class=\"p1\"><span style=\"color: #000000;\">Verwendetes Betriebssystem<\/span><\/p>\n<\/li>\n<li>\n<p class=\"p1\"><span style=\"color: #000000;\">IP-Adresse (gek\u00fcrzt)<\/span><\/p>\n<\/li>\n<\/ul>\n<p class=\"p4\"><span style=\"color: #000000;\">Die Verarbeitung erfolgt auf Grundlage meines berechtigten Interesses (Art.\u202f6 Abs.\u202f1 lit.\u202ff DSGVO) an der sicheren und stabilen Bereitstellung dieser Website.<\/span><\/p>\n<p>\u00a0<\/p>\n<h2><span style=\"color: #000000;\">Cookies<\/span><\/h2>\n<p class=\"p4\"><span style=\"color: #000000;\">Diese Website verwendet Cookies, um nutzerfreundlich und funktional zu bleiben. Cookies sind kleine Textdateien, die Ihr Browser automatisch speichert. Manche Cookies bleiben auf Ihrem Endger\u00e4t gespeichert, bis Sie diese l\u00f6schen. Andere werden nach dem Besuch automatisch entfernt.<\/span><\/p>\n<p class=\"p4\"><span style=\"color: #000000;\">Wenn Sie dies nicht w\u00fcnschen, k\u00f6nnen Sie Ihren Browser so einrichten, dass er Sie \u00fcber das Setzen von Cookies informiert und Sie dies nur im Einzelfall erlauben. Bei der Deaktivierung von Cookies kann die Funktionalit\u00e4t dieser Website eingeschr\u00e4nkt sein.<\/span><\/p>\n<h2>\u00a0<\/h2>\n<h2><span style=\"color: #000000;\">Webanalyse mit Google Analytics<\/span><\/h2>\n<p class=\"p4\"><span style=\"color: #000000;\">Diese Website verwendet <span class=\"s2\">Google Analytics<\/span>, einen Webanalysedienst der Google Ireland Limited, Gordon House, Barrow Street, Dublin 4, Irland. Google Analytics verwendet Cookies, die eine Analyse der Benutzung der Website erm\u00f6glichen.<\/span><\/p>\n<p class=\"p4\"><span style=\"color: #000000;\">Die durch das Cookie erzeugten Informationen \u00fcber Ihre Benutzung dieser Website (einschlie\u00dflich Ihrer IP-Adresse) werden in der Regel an einen Server von Google in der EU \u00fcbertragen und dort gespeichert. Ich verwende Google Analytics mit aktivierter <span class=\"s2\">IP-Anonymisierung<\/span>, sodass Ihre IP-Adresse von Google innerhalb der EU vor der \u00dcbertragung gek\u00fcrzt wird. Nur in Ausnahmef\u00e4llen erfolgt eine \u00dcbertragung in die USA, wobei ein angemessenes Schutzniveau durch EU-Standardvertragsklauseln gew\u00e4hrleistet wird.<\/span><\/p>\n<p class=\"p4\"><span style=\"color: #000000;\">Google verarbeitet die gesammelten Informationen, um die Nutzung meiner Website auszuwerten, Reports zu erstellen und um weitere mit der Nutzung der Website und des Internets verbundene Dienstleistungen zu erbringen.<\/span><\/p>\n<p class=\"p4\"><span style=\"color: #000000;\">Sie k\u00f6nnen die Speicherung der Cookies durch eine entsprechende Einstellung Ihrer Browser-Software verhindern oder \u00fcber den Cookie-Banner auf der Website individuell steuern. Dar\u00fcber hinaus k\u00f6nnen Sie die Erfassung der Daten durch Google Analytics dauerhaft verhindern, indem Sie das folgende Browser-Add-on installieren: <\/span><span style=\"color: #000000;\"><a style=\"color: #000000;\" href=\"http:\/\/tools.google.com\/dlpage\/gaoptout\">tools.google.com\/dlpage\/gaoptout<\/a><\/span><\/p>\n<h2>\u00a0<\/h2>\n<h2><span style=\"color: #000000;\">Kontaktformular<\/span><\/h2>\n<p class=\"p4\"><span style=\"color: #000000;\">Wenn Sie per Formular auf der Website oder per E-Mail Kontakt mit mir aufnehmen, werden Ihre angegebenen Daten (z.\u202fB. Name, E-Mail-Adresse, Nachricht) zwecks Bearbeitung der Anfrage und f\u00fcr den Fall von Anschlussfragen gespeichert. Diese Daten gebe ich nicht ohne Ihre Einwilligung weiter. Die Verarbeitung erfolgt auf Grundlage von Art.\u202f6 Abs.\u202f1 lit.\u202fb DSGVO (zur Erf\u00fcllung eines Vertrages oder vorvertraglicher Ma\u00dfnahmen).<\/span><\/p>\n<h2>\u00a0<\/h2>\n<h2><span style=\"color: #000000;\">Social Media Links<\/span><\/h2>\n<p class=\"p4\"><span style=\"color: #000000;\">Auf meiner Website finden Sie Links zu meinen Profilen auf <span class=\"s2\">LinkedIn<\/span> und <span class=\"s2\">Instagram<\/span>. Diese sind reine Weiterleitungen und keine eingebetteten Inhalte oder aktiven Plugins. Beim Besuch meiner Website werden daher keine Daten automatisch an diese Dienste \u00fcbermittelt.<\/span><\/p>\n<h2>\u00a0<\/h2>\n<h2><span style=\"color: #000000;\">Ihre Rechte<\/span><\/h2>\n<p class=\"p4\"><span style=\"color: #000000;\">Sie haben grunds\u00e4tzlich das Recht auf:<\/span><\/p>\n<ul>\n<li>\n<p class=\"p1\"><span style=\"color: #000000;\">Auskunft (Art.\u202f15 DSGVO)<\/span><\/p>\n<\/li>\n<li>\n<p class=\"p1\"><span style=\"color: #000000;\">Berichtigung (Art.\u202f16 DSGVO)<\/span><\/p>\n<\/li>\n<li>\n<p class=\"p1\"><span style=\"color: #000000;\">L\u00f6schung (Art.\u202f17 DSGVO)<\/span><\/p>\n<\/li>\n<li>\n<p class=\"p1\"><span style=\"color: #000000;\">Einschr\u00e4nkung der Verarbeitung (Art.\u202f18 DSGVO)<\/span><\/p>\n<\/li>\n<li>\n<p class=\"p1\"><span style=\"color: #000000;\">Daten\u00fcbertragbarkeit (Art.\u202f20 DSGVO)<\/span><\/p>\n<\/li>\n<li>\n<p class=\"p1\"><span style=\"color: #000000;\">Widerspruch gegen die Verarbeitung (Art.\u202f21 DSGVO)<\/span><\/p>\n<\/li>\n<\/ul>\n<p class=\"p4\"><span style=\"color: #000000;\">Wenn Sie glauben, dass die Verarbeitung Ihrer Daten gegen das Datenschutzrecht verst\u00f6\u00dft oder Ihre datenschutzrechtlichen Anspr\u00fcche verletzt wurden, k\u00f6nnen Sie sich bei mir (hello@roberthoppe.co) oder bei der zust\u00e4ndigen Aufsichtsbeh\u00f6rde melden.<\/span><\/p>\n<p>\u00a0<\/p>\n<p class=\"p3\"><span style=\"color: #000000;\">Letzte Aktualisierung:<span class=\"s3\"> August 2025<\/span><\/span><\/p>\n<p><span style=\"color: #000000;\"><\/span><\/p>\t\t\t\t\t\t\t\t<\/div>\n\t\t\t\t<\/div>\n\t\t\t\t\t<\/div>\n\t\t\t\t<\/div>\n\t\t\t\t<\/div>","protected":false},"excerpt":{"rendered":"<p>Erkl\u00e4rung zur Informationspflicht Der Schutz Ihrer pers\u00f6nlichen Daten ist mir ein besonderes Anliegen. Ich verarbeite Ihre Daten daher ausschlie\u00dflich auf Grundlage der gesetzlichen Bestimmungen (DSGVO, TMG, TKG). In dieser Datenschutzerkl\u00e4rung informiere ich Sie \u00fcber die wichtigsten Aspekte der Datenverarbeitung im Rahmen meiner Website. \u00a0 Verantwortlicher Robert Hoppe Hermann-Stockmann-Stra\u00dfe 55A, 85221 Dachau, Deutschland E-Mail: hello@roberthoppe.co Website: [&hellip;]<\/p>\n","protected":false},"author":1,"featured_media":0,"parent":0,"menu_order":0,"comment_status":"closed","ping_status":"open","template":"","meta":{"footnotes":""},"class_list":["post-3","page","type-page","status-publish","hentry"],"_links":{"self":[{"href":"https:\/\/roberthoppe.co\/de\/wp-json\/wp\/v2\/pages\/3","targetHints":{"allow":["GET"]}}],"collection":[{"href":"https:\/\/roberthoppe.co\/de\/wp-json\/wp\/v2\/pages"}],"about":[{"href":"https:\/\/roberthoppe.co\/de\/wp-json\/wp\/v2\/types\/page"}],"author":[{"embeddable":true,"href":"https:\/\/roberthoppe.co\/de\/wp-json\/wp\/v2\/users\/1"}],"replies":[{"embeddable":true,"href":"https:\/\/roberthoppe.co\/de\/wp-json\/wp\/v2\/comments?post=3"}],"version-history":[{"count":0,"href":"https:\/\/roberthoppe.co\/de\/wp-json\/wp\/v2\/pages\/3\/revisions"}],"wp:attachment":[{"href":"https:\/\/roberthoppe.co\/de\/wp-json\/wp\/v2\/media?parent=3"}],"curies":[{"name":"wp","href":"https:\/\/api.w.org\/{rel}","templated":true}]}}